{"id":120,"date":"2024-10-27T16:46:04","date_gmt":"2024-10-27T15:46:04","guid":{"rendered":"https:\/\/cinqcentimetres.com\/?page_id=120"},"modified":"2024-11-06T21:42:25","modified_gmt":"2024-11-06T20:42:25","slug":"votre-mariage-sur-mesure","status":"publish","type":"page","link":"https:\/\/cinqcentimetres.com\/index.php\/votre-mariage-sur-mesure\/","title":{"rendered":"Votre Mariage sur mesure"},"content":{"rendered":"\n<p>Engagement, \u00e9coute, personnalisation, adaptabilit\u00e9 et de la douceur&#8230; <\/p>\n\n\n\n<p>C&rsquo;est sur ces valeurs que je m&rsquo;appuie pour cr\u00e9er la d\u00e9coration qui sublime votre \u00e9v\u00e8nement.<\/p>\n\n\n\n<p>Je compose, pour vous, une d\u00e9coration durable que vous pourrez offrir ou conserver en souvenir de vos pr\u00e9cieux moments. Chaque composition est cr\u00e9\u00e9e \u00e0 partir de fleurs en papier que je fabrique moi-m\u00eame.<\/p>\n\n\n\n<p>Pour r\u00e9pondre \u00e0 vos besoins je prends le temps d&rsquo;\u00e9changer sur vos envies afin de r\u00e9aliser la d\u00e9coration durable qui vous correspond. <\/p>\n\n\n\n<p>Le petit plus responsable : je m&rsquo;engage \u00e0 valoriser toutes les chutes de papier g\u00e9n\u00e9r\u00e9es par votre commande!<\/p>\n\n\n\n<p><\/p>\n\n\n\n<figure class=\"wp-block-image size-full\"><img decoding=\"async\" src=\"http:\/\/cinqcentimetres.com\/wp-content\/uploads\/2024\/10\/ON-91-1.jpg\" alt=\"\" class=\"wp-image-96\"\/><\/figure>\n\n\n\n<p><strong>01 <\/strong>&#8211; <a href=\"https:\/\/cinqcentimetres.com\/index.php\/le-bouquet\/\" data-type=\"page\" data-id=\"125\">Le bouquet de mari\u00e9e<\/a><\/p>\n\n\n\n<p><strong>02<\/strong> &#8211; <a href=\"https:\/\/cinqcentimetres.com\/index.php\/boutonnieres-de-marie\/\" data-type=\"page\" data-id=\"182\">La boutonni\u00e8re du mari\u00e9<\/a><\/p>\n\n\n\n<p><strong>03<\/strong> &#8211;<a href=\"https:\/\/cinqcentimetres.com\/index.php\/compositions-de-tables-et-photophores\/\" data-type=\"page\" data-id=\"143\"> Les compositions de tables et photophores<\/a><\/p>\n\n\n\n<p class=\"has-text-align-left\"><strong>04<\/strong> &#8211; <a href=\"https:\/\/cinqcentimetres.com\/index.php\/scenographie-de-bienvenue\/\" data-type=\"page\" data-id=\"136\">Les sc\u00e9nographies de Bienvenue<\/a><\/p>\n\n\n\n<p class=\"has-text-align-left\"><strong>05 &#8211; <\/strong><a href=\"https:\/\/cinqcentimetres.com\/index.php\/cadeaux-et-remerciements\/\" data-type=\"page\" data-id=\"189\">Les cadeaux invit\u00e9s et remerciements<\/a><\/p>\n\n\n\n<p class=\"has-text-align-left\"><strong>06<\/strong> &#8211; Et tout le sur-mesure dont vous r\u00eavez&#8230;<\/p>\n\n\n\n<p><\/p>\n","protected":false},"excerpt":{"rendered":"<p>Engagement, \u00e9coute, personnalisation, adaptabilit\u00e9 et de la douceur&#8230; C&rsquo;est sur ces valeurs que je m&rsquo;appuie pour cr\u00e9er la d\u00e9coration qui [&hellip;]<\/p>\n","protected":false},"author":1,"featured_media":0,"parent":0,"menu_order":0,"comment_status":"closed","ping_status":"closed","template":"","meta":{"footnotes":""},"class_list":["post-120","page","type-page","status-publish","hentry"],"_links":{"self":[{"href":"https:\/\/cinqcentimetres.com\/index.php\/wp-json\/wp\/v2\/pages\/120","targetHints":{"allow":["GET"]}}],"collection":[{"href":"https:\/\/cinqcentimetres.com\/index.php\/wp-json\/wp\/v2\/pages"}],"about":[{"href":"https:\/\/cinqcentimetres.com\/index.php\/wp-json\/wp\/v2\/types\/page"}],"author":[{"embeddable":true,"href":"https:\/\/cinqcentimetres.com\/index.php\/wp-json\/wp\/v2\/users\/1"}],"replies":[{"embeddable":true,"href":"https:\/\/cinqcentimetres.com\/index.php\/wp-json\/wp\/v2\/comments?post=120"}],"version-history":[{"count":12,"href":"https:\/\/cinqcentimetres.com\/index.php\/wp-json\/wp\/v2\/pages\/120\/revisions"}],"predecessor-version":[{"id":214,"href":"https:\/\/cinqcentimetres.com\/index.php\/wp-json\/wp\/v2\/pages\/120\/revisions\/214"}],"wp:attachment":[{"href":"https:\/\/cinqcentimetres.com\/index.php\/wp-json\/wp\/v2\/media?parent=120"}],"curies":[{"name":"wp","href":"https:\/\/api.w.org\/{rel}","templated":true}]}}