{"id":125,"date":"2024-10-27T16:51:30","date_gmt":"2024-10-27T15:51:30","guid":{"rendered":"https:\/\/cinqcentimetres.com\/?page_id=125"},"modified":"2024-10-28T17:21:17","modified_gmt":"2024-10-28T16:21:17","slug":"le-bouquet","status":"publish","type":"page","link":"https:\/\/cinqcentimetres.com\/index.php\/le-bouquet\/","title":{"rendered":"Le bouquet de mari\u00e9e"},"content":{"rendered":"\n<p>Opter pour un bouquet durable c&rsquo;est se donner la possibilit\u00e9 de le garder en souvenir apr\u00e8s le jour J.<\/p>\n\n\n\n<p>Je vous propose mes cr\u00e9ations de bouquets de mari\u00e9e compos\u00e9es de fleurs s\u00e9ch\u00e9es et de fleurs en papier que je r\u00e9alise moi-m\u00eame. Je peux r\u00e9pondre \u00e0 vos envies en ce qui concerne la forme, la taille et les couleurs. <\/p>\n\n\n\n<p>Chaque bouquet \u00e9tant fait sur-mesure, soyez-s\u00fbre que le votre sera unique!<\/p>\n\n\n\n<figure class=\"wp-block-gallery has-nested-images columns-default is-cropped wp-block-gallery-1 is-layout-flex wp-block-gallery-is-layout-flex\">\n<figure class=\"wp-block-image size-large\"><img loading=\"lazy\" decoding=\"async\" width=\"768\" height=\"1024\" data-id=\"167\" src=\"https:\/\/cinqcentimetres.com\/wp-content\/uploads\/2024\/10\/IMG20240606090445-768x1024.jpg\" alt=\"\" class=\"wp-image-167\" srcset=\"https:\/\/cinqcentimetres.com\/wp-content\/uploads\/2024\/10\/IMG20240606090445-768x1024.jpg 768w, https:\/\/cinqcentimetres.com\/wp-content\/uploads\/2024\/10\/IMG20240606090445-225x300.jpg 225w, https:\/\/cinqcentimetres.com\/wp-content\/uploads\/2024\/10\/IMG20240606090445-scaled.jpg 1920w\" sizes=\"auto, (max-width: 768px) 100vw, 768px\" \/><\/figure>\n\n\n\n<figure class=\"wp-block-image size-large\"><img loading=\"lazy\" decoding=\"async\" width=\"735\" height=\"736\" data-id=\"97\" src=\"https:\/\/cinqcentimetres.com\/wp-content\/uploads\/2024\/10\/ON-b.jpg\" alt=\"\" class=\"wp-image-97\" srcset=\"https:\/\/cinqcentimetres.com\/wp-content\/uploads\/2024\/10\/ON-b.jpg 735w, https:\/\/cinqcentimetres.com\/wp-content\/uploads\/2024\/10\/ON-b-300x300.jpg 300w, https:\/\/cinqcentimetres.com\/wp-content\/uploads\/2024\/10\/ON-b-150x150.jpg 150w\" sizes=\"auto, (max-width: 735px) 100vw, 735px\" \/><\/figure>\n\n\n\n<figure class=\"wp-block-image size-large\"><img loading=\"lazy\" decoding=\"async\" width=\"768\" height=\"1024\" data-id=\"14\" src=\"https:\/\/cinqcentimetres.com\/wp-content\/uploads\/2024\/07\/IMG20240430093423-768x1024.jpg\" alt=\"\" class=\"wp-image-14\" srcset=\"https:\/\/cinqcentimetres.com\/wp-content\/uploads\/2024\/07\/IMG20240430093423-768x1024.jpg 768w, https:\/\/cinqcentimetres.com\/wp-content\/uploads\/2024\/07\/IMG20240430093423-225x300.jpg 225w, https:\/\/cinqcentimetres.com\/wp-content\/uploads\/2024\/07\/IMG20240430093423-scaled.jpg 1920w\" sizes=\"auto, (max-width: 768px) 100vw, 768px\" \/><\/figure>\n\n\n\n<figure class=\"wp-block-image size-large\"><img loading=\"lazy\" decoding=\"async\" width=\"1920\" height=\"2560\" data-id=\"15\" src=\"https:\/\/cinqcentimetres.com\/wp-content\/uploads\/2024\/07\/IMG20240402085957-scaled.jpg\" alt=\"\" class=\"wp-image-15\" srcset=\"https:\/\/cinqcentimetres.com\/wp-content\/uploads\/2024\/07\/IMG20240402085957-scaled.jpg 1920w, https:\/\/cinqcentimetres.com\/wp-content\/uploads\/2024\/07\/IMG20240402085957-225x300.jpg 225w\" sizes=\"auto, (max-width: 1920px) 100vw, 1920px\" \/><\/figure>\n\n\n\n<figure class=\"wp-block-image size-large\"><img loading=\"lazy\" decoding=\"async\" width=\"1920\" height=\"2560\" data-id=\"169\" src=\"https:\/\/cinqcentimetres.com\/wp-content\/uploads\/2024\/10\/IMG20240528085808-edited-scaled.jpg\" alt=\"\" class=\"wp-image-169\" srcset=\"https:\/\/cinqcentimetres.com\/wp-content\/uploads\/2024\/10\/IMG20240528085808-edited-scaled.jpg 1920w, https:\/\/cinqcentimetres.com\/wp-content\/uploads\/2024\/10\/IMG20240528085808-edited-225x300.jpg 225w, https:\/\/cinqcentimetres.com\/wp-content\/uploads\/2024\/10\/IMG20240528085808-edited-768x1024.jpg 768w, https:\/\/cinqcentimetres.com\/wp-content\/uploads\/2024\/10\/IMG20240528085808-edited-1152x1536.jpg 1152w, https:\/\/cinqcentimetres.com\/wp-content\/uploads\/2024\/10\/IMG20240528085808-edited-1536x2048.jpg 1536w\" sizes=\"auto, (max-width: 1920px) 100vw, 1920px\" \/><\/figure>\n<\/figure>\n","protected":false},"excerpt":{"rendered":"<p>Opter pour un bouquet durable c&rsquo;est se donner la possibilit\u00e9 de le garder en souvenir apr\u00e8s le jour J. Je [&hellip;]<\/p>\n","protected":false},"author":1,"featured_media":0,"parent":0,"menu_order":0,"comment_status":"closed","ping_status":"closed","template":"","meta":{"footnotes":""},"class_list":["post-125","page","type-page","status-publish","hentry"],"_links":{"self":[{"href":"https:\/\/cinqcentimetres.com\/index.php\/wp-json\/wp\/v2\/pages\/125","targetHints":{"allow":["GET"]}}],"collection":[{"href":"https:\/\/cinqcentimetres.com\/index.php\/wp-json\/wp\/v2\/pages"}],"about":[{"href":"https:\/\/cinqcentimetres.com\/index.php\/wp-json\/wp\/v2\/types\/page"}],"author":[{"embeddable":true,"href":"https:\/\/cinqcentimetres.com\/index.php\/wp-json\/wp\/v2\/users\/1"}],"replies":[{"embeddable":true,"href":"https:\/\/cinqcentimetres.com\/index.php\/wp-json\/wp\/v2\/comments?post=125"}],"version-history":[{"count":6,"href":"https:\/\/cinqcentimetres.com\/index.php\/wp-json\/wp\/v2\/pages\/125\/revisions"}],"predecessor-version":[{"id":170,"href":"https:\/\/cinqcentimetres.com\/index.php\/wp-json\/wp\/v2\/pages\/125\/revisions\/170"}],"wp:attachment":[{"href":"https:\/\/cinqcentimetres.com\/index.php\/wp-json\/wp\/v2\/media?parent=125"}],"curies":[{"name":"wp","href":"https:\/\/api.w.org\/{rel}","templated":true}]}}