{"id":177,"date":"2024-11-06T20:25:50","date_gmt":"2024-11-06T19:25:50","guid":{"rendered":"https:\/\/cinqcentimetres.com\/?page_id=177"},"modified":"2024-11-06T20:25:50","modified_gmt":"2024-11-06T19:25:50","slug":"entreprises-et-associations","status":"publish","type":"page","link":"https:\/\/cinqcentimetres.com\/index.php\/entreprises-et-associations\/","title":{"rendered":"Entreprises et associations"},"content":{"rendered":"\n<p>Si vous cherchez un <strong>prestataire engag\u00e9<\/strong> pour vous accompagner et donner \u00e0 votre \u00e9v\u00e8nement une valeur plus durable, nous nous sommes trouv\u00e9s&#8230;<\/p>\n\n\n\n<p>Pour moi, il est essentiel de montrer \u00e0 mes clients que l&rsquo;<strong>on peut allier esth\u00e9tique et respect de la plan\u00e8te<\/strong>.<\/p>\n\n\n\n<p>Ensemble, nous pouvons cr\u00e9er des \u00e9v\u00e8nements qui non-seulement \u00e9merveillent, mais qui laissent aussi un impact positif sur notre environnement.<\/p>\n\n\n<div class=\"wp-block-image\">\n<figure class=\"aligncenter size-full is-resized\"><img loading=\"lazy\" decoding=\"async\" width=\"512\" height=\"512\" src=\"http:\/\/cinqcentimetres.com\/wp-content\/uploads\/2024\/07\/cropped-cropped-logo-couleurs.jpg\" alt=\"\" class=\"wp-image-21\" style=\"width:242px;height:auto\" srcset=\"https:\/\/cinqcentimetres.com\/wp-content\/uploads\/2024\/07\/cropped-cropped-logo-couleurs.jpg 512w, https:\/\/cinqcentimetres.com\/wp-content\/uploads\/2024\/07\/cropped-cropped-logo-couleurs-300x300.jpg 300w, https:\/\/cinqcentimetres.com\/wp-content\/uploads\/2024\/07\/cropped-cropped-logo-couleurs-150x150.jpg 150w\" sizes=\"auto, (max-width: 512px) 100vw, 512px\" \/><\/figure>\n<\/div>","protected":false},"excerpt":{"rendered":"<p>Si vous cherchez un prestataire engag\u00e9 pour vous accompagner et donner \u00e0 votre \u00e9v\u00e8nement une valeur plus durable, nous nous [&hellip;]<\/p>\n","protected":false},"author":1,"featured_media":0,"parent":0,"menu_order":0,"comment_status":"closed","ping_status":"closed","template":"","meta":{"footnotes":""},"class_list":["post-177","page","type-page","status-publish","hentry"],"_links":{"self":[{"href":"https:\/\/cinqcentimetres.com\/index.php\/wp-json\/wp\/v2\/pages\/177","targetHints":{"allow":["GET"]}}],"collection":[{"href":"https:\/\/cinqcentimetres.com\/index.php\/wp-json\/wp\/v2\/pages"}],"about":[{"href":"https:\/\/cinqcentimetres.com\/index.php\/wp-json\/wp\/v2\/types\/page"}],"author":[{"embeddable":true,"href":"https:\/\/cinqcentimetres.com\/index.php\/wp-json\/wp\/v2\/users\/1"}],"replies":[{"embeddable":true,"href":"https:\/\/cinqcentimetres.com\/index.php\/wp-json\/wp\/v2\/comments?post=177"}],"version-history":[{"count":1,"href":"https:\/\/cinqcentimetres.com\/index.php\/wp-json\/wp\/v2\/pages\/177\/revisions"}],"predecessor-version":[{"id":178,"href":"https:\/\/cinqcentimetres.com\/index.php\/wp-json\/wp\/v2\/pages\/177\/revisions\/178"}],"wp:attachment":[{"href":"https:\/\/cinqcentimetres.com\/index.php\/wp-json\/wp\/v2\/media?parent=177"}],"curies":[{"name":"wp","href":"https:\/\/api.w.org\/{rel}","templated":true}]}}