{"id":189,"date":"2024-11-06T20:50:23","date_gmt":"2024-11-06T19:50:23","guid":{"rendered":"https:\/\/cinqcentimetres.com\/?page_id=189"},"modified":"2024-11-17T09:55:27","modified_gmt":"2024-11-17T08:55:27","slug":"cadeaux-et-remerciements","status":"publish","type":"page","link":"https:\/\/cinqcentimetres.com\/index.php\/cadeaux-et-remerciements\/","title":{"rendered":"Cadeaux et remerciements"},"content":{"rendered":"\n<p>Pour aller au bout de ma d\u00e9marche d\u00e9co-responsable, je vous propose une gamme de papeterie personnalisable pour vos remerciements. Vos invit\u00e9s y trouveront une \u00ab\u00a0carte \u00e0 semer\u00a0\u00bb faite en recyclant les chutes de papier g\u00e9n\u00e9r\u00e9es par votre d\u00e9coration. Ils feront pousser des fleurs en souvenir de votre belle journ\u00e9e!<\/p>\n\n\n\n<figure class=\"wp-block-gallery has-nested-images columns-default is-cropped wp-block-gallery-1 is-layout-flex wp-block-gallery-is-layout-flex\">\n<figure class=\"wp-block-image size-large\"><img loading=\"lazy\" decoding=\"async\" width=\"896\" height=\"1024\" data-id=\"190\" src=\"https:\/\/cinqcentimetres.com\/wp-content\/uploads\/2024\/11\/IMG_20240715_121744-896x1024.jpg\" alt=\"\" class=\"wp-image-190\" srcset=\"https:\/\/cinqcentimetres.com\/wp-content\/uploads\/2024\/11\/IMG_20240715_121744-896x1024.jpg 896w, https:\/\/cinqcentimetres.com\/wp-content\/uploads\/2024\/11\/IMG_20240715_121744-263x300.jpg 263w, https:\/\/cinqcentimetres.com\/wp-content\/uploads\/2024\/11\/IMG_20240715_121744-768x877.jpg 768w, https:\/\/cinqcentimetres.com\/wp-content\/uploads\/2024\/11\/IMG_20240715_121744-1345x1536.jpg 1345w, https:\/\/cinqcentimetres.com\/wp-content\/uploads\/2024\/11\/IMG_20240715_121744-1793x2048.jpg 1793w\" sizes=\"auto, (max-width: 896px) 100vw, 896px\" \/><\/figure>\n\n\n\n<figure class=\"wp-block-image size-large\"><img loading=\"lazy\" decoding=\"async\" width=\"768\" height=\"1024\" data-id=\"191\" src=\"https:\/\/cinqcentimetres.com\/wp-content\/uploads\/2024\/11\/IMG20240609101506-768x1024.jpg\" alt=\"\" class=\"wp-image-191\" srcset=\"https:\/\/cinqcentimetres.com\/wp-content\/uploads\/2024\/11\/IMG20240609101506-768x1024.jpg 768w, https:\/\/cinqcentimetres.com\/wp-content\/uploads\/2024\/11\/IMG20240609101506-225x300.jpg 225w, https:\/\/cinqcentimetres.com\/wp-content\/uploads\/2024\/11\/IMG20240609101506-1152x1536.jpg 1152w, https:\/\/cinqcentimetres.com\/wp-content\/uploads\/2024\/11\/IMG20240609101506-1536x2048.jpg 1536w, https:\/\/cinqcentimetres.com\/wp-content\/uploads\/2024\/11\/IMG20240609101506-scaled.jpg 1920w\" sizes=\"auto, (max-width: 768px) 100vw, 768px\" \/><\/figure>\n<\/figure>\n\n\n\n<p><\/p>\n","protected":false},"excerpt":{"rendered":"<p>Pour aller au bout de ma d\u00e9marche d\u00e9co-responsable, je vous propose une gamme de papeterie personnalisable pour vos remerciements. Vos [&hellip;]<\/p>\n","protected":false},"author":1,"featured_media":0,"parent":0,"menu_order":0,"comment_status":"closed","ping_status":"closed","template":"","meta":{"footnotes":""},"class_list":["post-189","page","type-page","status-publish","hentry"],"_links":{"self":[{"href":"https:\/\/cinqcentimetres.com\/index.php\/wp-json\/wp\/v2\/pages\/189","targetHints":{"allow":["GET"]}}],"collection":[{"href":"https:\/\/cinqcentimetres.com\/index.php\/wp-json\/wp\/v2\/pages"}],"about":[{"href":"https:\/\/cinqcentimetres.com\/index.php\/wp-json\/wp\/v2\/types\/page"}],"author":[{"embeddable":true,"href":"https:\/\/cinqcentimetres.com\/index.php\/wp-json\/wp\/v2\/users\/1"}],"replies":[{"embeddable":true,"href":"https:\/\/cinqcentimetres.com\/index.php\/wp-json\/wp\/v2\/comments?post=189"}],"version-history":[{"count":2,"href":"https:\/\/cinqcentimetres.com\/index.php\/wp-json\/wp\/v2\/pages\/189\/revisions"}],"predecessor-version":[{"id":215,"href":"https:\/\/cinqcentimetres.com\/index.php\/wp-json\/wp\/v2\/pages\/189\/revisions\/215"}],"wp:attachment":[{"href":"https:\/\/cinqcentimetres.com\/index.php\/wp-json\/wp\/v2\/media?parent=189"}],"curies":[{"name":"wp","href":"https:\/\/api.w.org\/{rel}","templated":true}]}}