{"id":197,"date":"2024-11-06T20:56:21","date_gmt":"2024-11-06T19:56:21","guid":{"rendered":"https:\/\/cinqcentimetres.com\/?page_id=197"},"modified":"2024-11-06T20:56:21","modified_gmt":"2024-11-06T19:56:21","slug":"coffret-personnalise","status":"publish","type":"page","link":"https:\/\/cinqcentimetres.com\/index.php\/coffret-personnalise\/","title":{"rendered":"Coffret personnalis\u00e9"},"content":{"rendered":"\n<p>Pour les cadeaux de fin d&rsquo;ann\u00e9e de vos salari\u00e9s, je peux confectionner des bo\u00eetes personnalis\u00e9es. Je personnalise en int\u00e9grant vos logos si vous le souhaitez. Et comme c&rsquo;est du sur-mesure, chaque bo\u00eete peut porter un message diff\u00e9rent!<\/p>\n\n\n\n<figure class=\"wp-block-gallery has-nested-images columns-default is-cropped wp-block-gallery-1 is-layout-flex wp-block-gallery-is-layout-flex\">\n<figure class=\"wp-block-image size-large\"><img loading=\"lazy\" decoding=\"async\" width=\"1024\" height=\"735\" data-id=\"91\" src=\"https:\/\/cinqcentimetres.com\/wp-content\/uploads\/2024\/10\/coffret-cadeau-1-1024x735.jpg\" alt=\"\" class=\"wp-image-91\" srcset=\"https:\/\/cinqcentimetres.com\/wp-content\/uploads\/2024\/10\/coffret-cadeau-1-1024x735.jpg 1024w, https:\/\/cinqcentimetres.com\/wp-content\/uploads\/2024\/10\/coffret-cadeau-1-300x215.jpg 300w, https:\/\/cinqcentimetres.com\/wp-content\/uploads\/2024\/10\/coffret-cadeau-1-768x551.jpg 768w, https:\/\/cinqcentimetres.com\/wp-content\/uploads\/2024\/10\/coffret-cadeau-1-1536x1102.jpg 1536w, https:\/\/cinqcentimetres.com\/wp-content\/uploads\/2024\/10\/coffret-cadeau-1-2048x1469.jpg 2048w\" sizes=\"auto, (max-width: 1024px) 100vw, 1024px\" \/><\/figure>\n\n\n\n<figure class=\"wp-block-image size-large\"><img loading=\"lazy\" decoding=\"async\" width=\"768\" height=\"1024\" data-id=\"90\" src=\"https:\/\/cinqcentimetres.com\/wp-content\/uploads\/2024\/10\/IMG20231227133351-1-768x1024.jpg\" alt=\"\" class=\"wp-image-90\" srcset=\"https:\/\/cinqcentimetres.com\/wp-content\/uploads\/2024\/10\/IMG20231227133351-1-768x1024.jpg 768w, https:\/\/cinqcentimetres.com\/wp-content\/uploads\/2024\/10\/IMG20231227133351-1-225x300.jpg 225w, https:\/\/cinqcentimetres.com\/wp-content\/uploads\/2024\/10\/IMG20231227133351-1-1152x1536.jpg 1152w, https:\/\/cinqcentimetres.com\/wp-content\/uploads\/2024\/10\/IMG20231227133351-1-1536x2048.jpg 1536w, https:\/\/cinqcentimetres.com\/wp-content\/uploads\/2024\/10\/IMG20231227133351-1-scaled.jpg 1920w\" sizes=\"auto, (max-width: 768px) 100vw, 768px\" \/><\/figure>\n<\/figure>\n","protected":false},"excerpt":{"rendered":"<p>Pour les cadeaux de fin d&rsquo;ann\u00e9e de vos salari\u00e9s, je peux confectionner des bo\u00eetes personnalis\u00e9es. Je personnalise en int\u00e9grant vos [&hellip;]<\/p>\n","protected":false},"author":1,"featured_media":0,"parent":0,"menu_order":0,"comment_status":"closed","ping_status":"closed","template":"","meta":{"footnotes":""},"class_list":["post-197","page","type-page","status-publish","hentry"],"_links":{"self":[{"href":"https:\/\/cinqcentimetres.com\/index.php\/wp-json\/wp\/v2\/pages\/197","targetHints":{"allow":["GET"]}}],"collection":[{"href":"https:\/\/cinqcentimetres.com\/index.php\/wp-json\/wp\/v2\/pages"}],"about":[{"href":"https:\/\/cinqcentimetres.com\/index.php\/wp-json\/wp\/v2\/types\/page"}],"author":[{"embeddable":true,"href":"https:\/\/cinqcentimetres.com\/index.php\/wp-json\/wp\/v2\/users\/1"}],"replies":[{"embeddable":true,"href":"https:\/\/cinqcentimetres.com\/index.php\/wp-json\/wp\/v2\/comments?post=197"}],"version-history":[{"count":1,"href":"https:\/\/cinqcentimetres.com\/index.php\/wp-json\/wp\/v2\/pages\/197\/revisions"}],"predecessor-version":[{"id":198,"href":"https:\/\/cinqcentimetres.com\/index.php\/wp-json\/wp\/v2\/pages\/197\/revisions\/198"}],"wp:attachment":[{"href":"https:\/\/cinqcentimetres.com\/index.php\/wp-json\/wp\/v2\/media?parent=197"}],"curies":[{"name":"wp","href":"https:\/\/api.w.org\/{rel}","templated":true}]}}