{"id":204,"date":"2024-11-06T21:18:09","date_gmt":"2024-11-06T20:18:09","guid":{"rendered":"https:\/\/cinqcentimetres.com\/?page_id=204"},"modified":"2024-11-06T21:18:09","modified_gmt":"2024-11-06T20:18:09","slug":"ateliers-diy","status":"publish","type":"page","link":"https:\/\/cinqcentimetres.com\/index.php\/ateliers-diy\/","title":{"rendered":"Ateliers DIY"},"content":{"rendered":"\n<p>Vous souhaitez proposer une animation lors de votre \u00e9v\u00e8nement?<\/p>\n\n\n\n<p>Je vous propose un atelier o\u00f9 les participants peuvent apprendre \u00e0 cr\u00e9er leurs propres fleurs en papier. N&rsquo;h\u00e9sitez-pas \u00e0 me contacter pour un devis.<\/p>\n\n\n\n<figure class=\"wp-block-gallery has-nested-images columns-default is-cropped wp-block-gallery-1 is-layout-flex wp-block-gallery-is-layout-flex\">\n<figure class=\"wp-block-image size-large\"><img loading=\"lazy\" decoding=\"async\" width=\"768\" height=\"1024\" data-id=\"206\" src=\"https:\/\/cinqcentimetres.com\/wp-content\/uploads\/2024\/11\/IMG20240406173240-768x1024.jpg\" alt=\"\" class=\"wp-image-206\" srcset=\"https:\/\/cinqcentimetres.com\/wp-content\/uploads\/2024\/11\/IMG20240406173240-768x1024.jpg 768w, https:\/\/cinqcentimetres.com\/wp-content\/uploads\/2024\/11\/IMG20240406173240-225x300.jpg 225w, https:\/\/cinqcentimetres.com\/wp-content\/uploads\/2024\/11\/IMG20240406173240-1152x1536.jpg 1152w, https:\/\/cinqcentimetres.com\/wp-content\/uploads\/2024\/11\/IMG20240406173240-1536x2048.jpg 1536w, https:\/\/cinqcentimetres.com\/wp-content\/uploads\/2024\/11\/IMG20240406173240-scaled.jpg 1920w\" sizes=\"auto, (max-width: 768px) 100vw, 768px\" \/><\/figure>\n\n\n\n<figure class=\"wp-block-image size-large\"><img loading=\"lazy\" decoding=\"async\" width=\"768\" height=\"1024\" data-id=\"205\" src=\"https:\/\/cinqcentimetres.com\/wp-content\/uploads\/2024\/11\/IMG20240514091945-768x1024.jpg\" alt=\"\" class=\"wp-image-205\" srcset=\"https:\/\/cinqcentimetres.com\/wp-content\/uploads\/2024\/11\/IMG20240514091945-768x1024.jpg 768w, https:\/\/cinqcentimetres.com\/wp-content\/uploads\/2024\/11\/IMG20240514091945-225x300.jpg 225w, https:\/\/cinqcentimetres.com\/wp-content\/uploads\/2024\/11\/IMG20240514091945-1152x1536.jpg 1152w, https:\/\/cinqcentimetres.com\/wp-content\/uploads\/2024\/11\/IMG20240514091945-1536x2048.jpg 1536w, https:\/\/cinqcentimetres.com\/wp-content\/uploads\/2024\/11\/IMG20240514091945-scaled.jpg 1920w\" sizes=\"auto, (max-width: 768px) 100vw, 768px\" \/><\/figure>\n\n\n\n<figure class=\"wp-block-image size-large\"><img loading=\"lazy\" decoding=\"async\" width=\"1024\" height=\"768\" data-id=\"207\" src=\"https:\/\/cinqcentimetres.com\/wp-content\/uploads\/2024\/11\/IMG20240715102519-1024x768.jpg\" alt=\"\" class=\"wp-image-207\" srcset=\"https:\/\/cinqcentimetres.com\/wp-content\/uploads\/2024\/11\/IMG20240715102519-1024x768.jpg 1024w, https:\/\/cinqcentimetres.com\/wp-content\/uploads\/2024\/11\/IMG20240715102519-300x225.jpg 300w, https:\/\/cinqcentimetres.com\/wp-content\/uploads\/2024\/11\/IMG20240715102519-768x576.jpg 768w, https:\/\/cinqcentimetres.com\/wp-content\/uploads\/2024\/11\/IMG20240715102519-1536x1152.jpg 1536w, https:\/\/cinqcentimetres.com\/wp-content\/uploads\/2024\/11\/IMG20240715102519-2048x1536.jpg 2048w\" sizes=\"auto, (max-width: 1024px) 100vw, 1024px\" \/><\/figure>\n\n\n\n<figure class=\"wp-block-image size-large\"><img loading=\"lazy\" decoding=\"async\" width=\"1024\" height=\"768\" data-id=\"208\" src=\"https:\/\/cinqcentimetres.com\/wp-content\/uploads\/2024\/11\/IMG20241015110249-1024x768.jpg\" alt=\"\" class=\"wp-image-208\" srcset=\"https:\/\/cinqcentimetres.com\/wp-content\/uploads\/2024\/11\/IMG20241015110249-1024x768.jpg 1024w, https:\/\/cinqcentimetres.com\/wp-content\/uploads\/2024\/11\/IMG20241015110249-300x225.jpg 300w, https:\/\/cinqcentimetres.com\/wp-content\/uploads\/2024\/11\/IMG20241015110249-768x576.jpg 768w, https:\/\/cinqcentimetres.com\/wp-content\/uploads\/2024\/11\/IMG20241015110249-1536x1152.jpg 1536w, https:\/\/cinqcentimetres.com\/wp-content\/uploads\/2024\/11\/IMG20241015110249-2048x1536.jpg 2048w\" sizes=\"auto, (max-width: 1024px) 100vw, 1024px\" \/><\/figure>\n<\/figure>\n","protected":false},"excerpt":{"rendered":"<p>Vous souhaitez proposer une animation lors de votre \u00e9v\u00e8nement? Je vous propose un atelier o\u00f9 les participants peuvent apprendre \u00e0 [&hellip;]<\/p>\n","protected":false},"author":1,"featured_media":0,"parent":0,"menu_order":0,"comment_status":"closed","ping_status":"closed","template":"","meta":{"footnotes":""},"class_list":["post-204","page","type-page","status-publish","hentry"],"_links":{"self":[{"href":"https:\/\/cinqcentimetres.com\/index.php\/wp-json\/wp\/v2\/pages\/204","targetHints":{"allow":["GET"]}}],"collection":[{"href":"https:\/\/cinqcentimetres.com\/index.php\/wp-json\/wp\/v2\/pages"}],"about":[{"href":"https:\/\/cinqcentimetres.com\/index.php\/wp-json\/wp\/v2\/types\/page"}],"author":[{"embeddable":true,"href":"https:\/\/cinqcentimetres.com\/index.php\/wp-json\/wp\/v2\/users\/1"}],"replies":[{"embeddable":true,"href":"https:\/\/cinqcentimetres.com\/index.php\/wp-json\/wp\/v2\/comments?post=204"}],"version-history":[{"count":1,"href":"https:\/\/cinqcentimetres.com\/index.php\/wp-json\/wp\/v2\/pages\/204\/revisions"}],"predecessor-version":[{"id":209,"href":"https:\/\/cinqcentimetres.com\/index.php\/wp-json\/wp\/v2\/pages\/204\/revisions\/209"}],"wp:attachment":[{"href":"https:\/\/cinqcentimetres.com\/index.php\/wp-json\/wp\/v2\/media?parent=204"}],"curies":[{"name":"wp","href":"https:\/\/api.w.org\/{rel}","templated":true}]}}