{"id":45,"date":"2024-07-15T17:39:56","date_gmt":"2024-07-15T15:39:56","guid":{"rendered":"https:\/\/cinqcentimetres.com\/?page_id=45"},"modified":"2024-11-06T21:05:45","modified_gmt":"2024-11-06T20:05:45","slug":"qui-sommes-nous","status":"publish","type":"page","link":"https:\/\/cinqcentimetres.com\/index.php\/qui-sommes-nous\/","title":{"rendered":"Qui suis-je?"},"content":{"rendered":"\n<p>Moi, c&rsquo;est Aur\u00e9lie&#8230; <\/p>\n\n\n\n<p>D\u00e9coratrice dans l&rsquo;\u00e9v\u00e8nementiel pendant pr\u00e8s de dix ans, j&rsquo;ai choisi de revenir \u00e0 des projets \u00e0 taille humaine afin de favoriser les \u00e9changes et de cr\u00e9er un moment unique \u00e0 chaque rencontre. <\/p>\n\n\n\n<p>Et quoi de plus triste que de voir toute la d\u00e9coration d&rsquo;un \u00e9v\u00e8nement partir \u00e0 la poubelle d\u00e8s le lendemain? Voil\u00e0 pourquoi aujourd&rsquo;hui, je m&rsquo;engage \u00e0 r\u00e9aliser une d\u00e9co-responsable pour vos projets.<\/p>\n\n\n\n<p>Install\u00e9e en Savoie, je mets mes comp\u00e9tences \u00e0 votre service pour r\u00e9aliser la d\u00e9coration personnalis\u00e9e de votre \u00e9v\u00e8nement. <\/p>\n\n\n\n<blockquote class=\"wp-block-quote is-layout-flow wp-block-quote-is-layout-flow\">\n<p>Engagement, cr\u00e9ativit\u00e9, \u00e9coute et adaptabilit\u00e9&#8230;<\/p>\n<\/blockquote>\n\n\n\n<p>C&rsquo;est la recette qui me permettra d&rsquo;imaginer et de construire une d\u00e9coration \u00e0 votre image.<\/p>\n\n\n\n<p><\/p>\n","protected":false},"excerpt":{"rendered":"<p>Moi, c&rsquo;est Aur\u00e9lie&#8230; D\u00e9coratrice dans l&rsquo;\u00e9v\u00e8nementiel pendant pr\u00e8s de dix ans, j&rsquo;ai choisi de revenir \u00e0 des projets \u00e0 taille [&hellip;]<\/p>\n","protected":false},"author":1,"featured_media":0,"parent":0,"menu_order":0,"comment_status":"closed","ping_status":"closed","template":"","meta":{"footnotes":""},"class_list":["post-45","page","type-page","status-publish","hentry"],"_links":{"self":[{"href":"https:\/\/cinqcentimetres.com\/index.php\/wp-json\/wp\/v2\/pages\/45","targetHints":{"allow":["GET"]}}],"collection":[{"href":"https:\/\/cinqcentimetres.com\/index.php\/wp-json\/wp\/v2\/pages"}],"about":[{"href":"https:\/\/cinqcentimetres.com\/index.php\/wp-json\/wp\/v2\/types\/page"}],"author":[{"embeddable":true,"href":"https:\/\/cinqcentimetres.com\/index.php\/wp-json\/wp\/v2\/users\/1"}],"replies":[{"embeddable":true,"href":"https:\/\/cinqcentimetres.com\/index.php\/wp-json\/wp\/v2\/comments?post=45"}],"version-history":[{"count":5,"href":"https:\/\/cinqcentimetres.com\/index.php\/wp-json\/wp\/v2\/pages\/45\/revisions"}],"predecessor-version":[{"id":201,"href":"https:\/\/cinqcentimetres.com\/index.php\/wp-json\/wp\/v2\/pages\/45\/revisions\/201"}],"wp:attachment":[{"href":"https:\/\/cinqcentimetres.com\/index.php\/wp-json\/wp\/v2\/media?parent=45"}],"curies":[{"name":"wp","href":"https:\/\/api.w.org\/{rel}","templated":true}]}}